{"id":1068,"date":"2021-04-04T19:09:11","date_gmt":"2021-04-04T17:09:11","guid":{"rendered":"http:\/\/shop.cantineneri.it\/reso-facile\/"},"modified":"2022-01-27T15:33:51","modified_gmt":"2022-01-27T14:33:51","slug":"easy-return","status":"publish","type":"page","link":"https:\/\/shop.cantineneri.it\/en\/easy-return\/","title":{"rendered":"Easy return"},"content":{"rendered":"<p>Lei ha il diritto di recedere dal contratto, ai sensi dell\u2019art.49, comma 1, lett. h D.Lgs 6 settembre 2005, n. 206, senza indicarne le ragioni. Il periodo di recesso scade dopo 14 giorni dal giorno in cui Lei o un terzo, diverso dal vettore e da Lei designato, acquisisce il possesso fisico dei beni o acquisisce il possesso fisico dell&#8217;ultimo bene nel caso in cui per necessit\u00e0 provvedessimo all\u2019invio separato dei beni oggetto di acquisto con unico ordine.<\/p>\n<p>Per esercitare il diritto di recesso, Lei \u00e8 tenuto a informare Cantine Neri della sua decisione di recedere dal contratto. A tal fine pu\u00f2 utilizzare il modulo RESO FACILE che trover\u00e0 nel suo account sezione ordini (oppure tramite email a info@neri-vini.it oppure telefonicamente allo 0763 316196). Nel caso scegliesse l\u2019opzione RESO FACILE, Le trasmetteremo senza indugio una conferma di ricevimento del recesso su un supporto durevole (ad esempio per posta elettronica).<\/p>\n<p>Per rispettare il termine di recesso, \u00e8 sufficiente che Lei invii la comunicazione relativa all&#8217;esercizio del diritto di recesso prima della scadenza del periodo di recesso.<\/p>\n<h3>Effetti del recesso<\/h3>\n<p>Se Lei recede dal contratto, Le saranno rimborsati tutti i pagamenti che ha effettuato a nostro favore, compresi i costi di consegna (ad eccezione dei costi supplementari derivanti dalla Sua eventuale scelta di un tipo di consegna diverso dal tipo meno costoso di consegna standard da noi offerto o dal pagamento in contrassegno), senza indebito ritardo e in ogni caso non oltre 14 giorni dal giorno in cui siamo informati della Sua decisione di recedere dal presente contratto.<\/p>\n<p>Detti rimborsi saranno effettuati utilizzando lo stesso mezzo di pagamento da Lei usato per la transazione iniziale, salvo che Lei non abbia espressamente convenuto altrimenti; in ogni caso, non dovr\u00e0 sostenere alcun costo quale conseguenza di tale rimborso.<\/p>\n<p>Il rimborso pu\u00f2 essere sospeso fino al ricevimento dei beni oppure fino all&#8217;avvenuta dimostrazione da parte del consumatore di aver rispedito i beni, se precedente.<\/p>\n<p>\u00c8 pregato di rispedire i beni o di consegnarli a noi (Cantine Neri Localit\u00e0 Bardano n.28 \u2013 05018 Orvieto (TR), senza indebiti ritardi e in ogni caso entro 14 giorni dal giorno in cui ci ha comunicato il suo recesso dal presente contratto. Il termine \u00e8 rispettato se Lei rispedisce i beni prima della scadenza del periodo di 14 giorni.<\/p>\n<h3>Istruzioni per il reso<\/h3>\n<ul>\n<li>Accedere nella sezione \u201cIl mio account\u201d presente in alto a destra effettuando il login e visualizzare la tab Ordini.<\/li>\n<li>Selezionare l\u2019ordine da rendere tra quelli presenti e cliccare sul bottone presente in fondo alla riga \u201cReso facile\u201d.<\/li>\n<li>Attenzione il bottone di reso sar\u00e0 attivo per 14 giorni lavorativi dalla data di ricevimento della merce.<\/li>\n<li>Stampare il modulo e compilarlo come da istruzioni presenti nello stesso (IMPORTANTE-In mancanza del modulo allegato alla merce, Cantine Neri si riserver\u00e0 il diritto di non accettare il reso.)<\/li>\n<li>Utilizzare lo stesso imballo con cui gli articoli sono stati ricevuti.<\/li>\n<li>Alla ricezione del pacco e dopo l\u2019accettazione del reso saranno inviate apposite comunicazioni circa l\u2019esito del rimborso.<\/li>\n<\/ul>\n","protected":false},"excerpt":{"rendered":"<p>Lei ha il diritto di recedere dal contratto, ai sensi dell\u2019art.49, comma 1, lett. h D.Lgs 6 settembre 2005, n. 206, senza indicarne le ragioni. Il periodo di recesso scade dopo 14 giorni dal giorno in cui Lei o un terzo, diverso dal vettore e da Lei designato, acquisisce il possesso fisico dei beni o [&hellip;]<\/p>\n","protected":false},"author":2,"featured_media":1290,"parent":0,"menu_order":0,"comment_status":"closed","ping_status":"closed","template":"","meta":{"footnotes":""},"class_list":["post-1068","page","type-page","status-publish","has-post-thumbnail","hentry"],"yoast_head":"<!-- This site is optimized with the Yoast SEO plugin v27.1.1 - https:\/\/yoast.com\/product\/yoast-seo-wordpress\/ -->\n<title>Easy return - Cantine Neri<\/title>\n<meta name=\"robots\" content=\"index, follow, max-snippet:-1, max-image-preview:large, max-video-preview:-1\" \/>\n<link rel=\"canonical\" href=\"https:\/\/shop.cantineneri.it\/en\/easy-return\/\" \/>\n<meta property=\"og:locale\" content=\"en_US\" \/>\n<meta property=\"og:type\" content=\"article\" \/>\n<meta property=\"og:title\" content=\"Easy return - Cantine Neri\" \/>\n<meta property=\"og:description\" content=\"Lei ha il diritto di recedere dal contratto, ai sensi dell\u2019art.49, comma 1, lett. h D.Lgs 6 settembre 2005, n. 206, senza indicarne le ragioni. Il periodo di recesso scade dopo 14 giorni dal giorno in cui Lei o un terzo, diverso dal vettore e da Lei designato, acquisisce il possesso fisico dei beni o [&hellip;]\" \/>\n<meta property=\"og:url\" content=\"https:\/\/shop.cantineneri.it\/en\/easy-return\/\" \/>\n<meta property=\"og:site_name\" content=\"Cantine Neri\" \/>\n<meta property=\"article:modified_time\" content=\"2022-01-27T14:33:51+00:00\" \/>\n<meta property=\"og:image\" content=\"https:\/\/shop.cantineneri.it\/wp-content\/uploads\/2021\/06\/reso-facile.jpg\" \/>\n\t<meta property=\"og:image:width\" content=\"1920\" \/>\n\t<meta property=\"og:image:height\" content=\"1280\" \/>\n\t<meta property=\"og:image:type\" content=\"image\/jpeg\" \/>\n<meta name=\"twitter:card\" content=\"summary_large_image\" \/>\n<meta name=\"twitter:label1\" content=\"Est. reading time\" \/>\n\t<meta name=\"twitter:data1\" content=\"3 minutes\" \/>\n<script type=\"application\/ld+json\" class=\"yoast-schema-graph\">{\"@context\":\"https:\/\/schema.org\",\"@graph\":[{\"@type\":\"WebPage\",\"@id\":\"https:\/\/shop.cantineneri.it\/en\/easy-return\/\",\"url\":\"https:\/\/shop.cantineneri.it\/en\/easy-return\/\",\"name\":\"Easy return - Cantine Neri\",\"isPartOf\":{\"@id\":\"https:\/\/shop.cantineneri.it\/en\/#website\"},\"primaryImageOfPage\":{\"@id\":\"https:\/\/shop.cantineneri.it\/en\/easy-return\/#primaryimage\"},\"image\":{\"@id\":\"https:\/\/shop.cantineneri.it\/en\/easy-return\/#primaryimage\"},\"thumbnailUrl\":\"https:\/\/shop.cantineneri.it\/wp-content\/uploads\/2021\/06\/reso-facile.jpg\",\"datePublished\":\"2021-04-04T17:09:11+00:00\",\"dateModified\":\"2022-01-27T14:33:51+00:00\",\"breadcrumb\":{\"@id\":\"https:\/\/shop.cantineneri.it\/en\/easy-return\/#breadcrumb\"},\"inLanguage\":\"en-US\",\"potentialAction\":[{\"@type\":\"ReadAction\",\"target\":[\"https:\/\/shop.cantineneri.it\/en\/easy-return\/\"]}]},{\"@type\":\"ImageObject\",\"inLanguage\":\"en-US\",\"@id\":\"https:\/\/shop.cantineneri.it\/en\/easy-return\/#primaryimage\",\"url\":\"https:\/\/shop.cantineneri.it\/wp-content\/uploads\/2021\/06\/reso-facile.jpg\",\"contentUrl\":\"https:\/\/shop.cantineneri.it\/wp-content\/uploads\/2021\/06\/reso-facile.jpg\",\"width\":1920,\"height\":1280},{\"@type\":\"BreadcrumbList\",\"@id\":\"https:\/\/shop.cantineneri.it\/en\/easy-return\/#breadcrumb\",\"itemListElement\":[{\"@type\":\"ListItem\",\"position\":1,\"name\":\"Home\",\"item\":\"https:\/\/shop.cantineneri.it\/en\/\"},{\"@type\":\"ListItem\",\"position\":2,\"name\":\"Easy return\"}]},{\"@type\":\"WebSite\",\"@id\":\"https:\/\/shop.cantineneri.it\/en\/#website\",\"url\":\"https:\/\/shop.cantineneri.it\/en\/\",\"name\":\"Cantine Neri\",\"description\":\"Azienda Agricola Orvieto\",\"potentialAction\":[{\"@type\":\"SearchAction\",\"target\":{\"@type\":\"EntryPoint\",\"urlTemplate\":\"https:\/\/shop.cantineneri.it\/en\/?s={search_term_string}\"},\"query-input\":{\"@type\":\"PropertyValueSpecification\",\"valueRequired\":true,\"valueName\":\"search_term_string\"}}],\"inLanguage\":\"en-US\"}]}<\/script>\n<!-- \/ Yoast SEO plugin. -->","yoast_head_json":{"title":"Easy return - Cantine Neri","robots":{"index":"index","follow":"follow","max-snippet":"max-snippet:-1","max-image-preview":"max-image-preview:large","max-video-preview":"max-video-preview:-1"},"canonical":"https:\/\/shop.cantineneri.it\/en\/easy-return\/","og_locale":"en_US","og_type":"article","og_title":"Easy return - Cantine Neri","og_description":"Lei ha il diritto di recedere dal contratto, ai sensi dell\u2019art.49, comma 1, lett. h D.Lgs 6 settembre 2005, n. 206, senza indicarne le ragioni. Il periodo di recesso scade dopo 14 giorni dal giorno in cui Lei o un terzo, diverso dal vettore e da Lei designato, acquisisce il possesso fisico dei beni o [&hellip;]","og_url":"https:\/\/shop.cantineneri.it\/en\/easy-return\/","og_site_name":"Cantine Neri","article_modified_time":"2022-01-27T14:33:51+00:00","og_image":[{"width":1920,"height":1280,"url":"https:\/\/shop.cantineneri.it\/wp-content\/uploads\/2021\/06\/reso-facile.jpg","type":"image\/jpeg"}],"twitter_card":"summary_large_image","twitter_misc":{"Est. reading time":"3 minutes"},"schema":{"@context":"https:\/\/schema.org","@graph":[{"@type":"WebPage","@id":"https:\/\/shop.cantineneri.it\/en\/easy-return\/","url":"https:\/\/shop.cantineneri.it\/en\/easy-return\/","name":"Easy return - Cantine Neri","isPartOf":{"@id":"https:\/\/shop.cantineneri.it\/en\/#website"},"primaryImageOfPage":{"@id":"https:\/\/shop.cantineneri.it\/en\/easy-return\/#primaryimage"},"image":{"@id":"https:\/\/shop.cantineneri.it\/en\/easy-return\/#primaryimage"},"thumbnailUrl":"https:\/\/shop.cantineneri.it\/wp-content\/uploads\/2021\/06\/reso-facile.jpg","datePublished":"2021-04-04T17:09:11+00:00","dateModified":"2022-01-27T14:33:51+00:00","breadcrumb":{"@id":"https:\/\/shop.cantineneri.it\/en\/easy-return\/#breadcrumb"},"inLanguage":"en-US","potentialAction":[{"@type":"ReadAction","target":["https:\/\/shop.cantineneri.it\/en\/easy-return\/"]}]},{"@type":"ImageObject","inLanguage":"en-US","@id":"https:\/\/shop.cantineneri.it\/en\/easy-return\/#primaryimage","url":"https:\/\/shop.cantineneri.it\/wp-content\/uploads\/2021\/06\/reso-facile.jpg","contentUrl":"https:\/\/shop.cantineneri.it\/wp-content\/uploads\/2021\/06\/reso-facile.jpg","width":1920,"height":1280},{"@type":"BreadcrumbList","@id":"https:\/\/shop.cantineneri.it\/en\/easy-return\/#breadcrumb","itemListElement":[{"@type":"ListItem","position":1,"name":"Home","item":"https:\/\/shop.cantineneri.it\/en\/"},{"@type":"ListItem","position":2,"name":"Easy return"}]},{"@type":"WebSite","@id":"https:\/\/shop.cantineneri.it\/en\/#website","url":"https:\/\/shop.cantineneri.it\/en\/","name":"Cantine Neri","description":"Azienda Agricola Orvieto","potentialAction":[{"@type":"SearchAction","target":{"@type":"EntryPoint","urlTemplate":"https:\/\/shop.cantineneri.it\/en\/?s={search_term_string}"},"query-input":{"@type":"PropertyValueSpecification","valueRequired":true,"valueName":"search_term_string"}}],"inLanguage":"en-US"}]}},"_links":{"self":[{"href":"https:\/\/shop.cantineneri.it\/en\/wp-json\/wp\/v2\/pages\/1068","targetHints":{"allow":["GET"]}}],"collection":[{"href":"https:\/\/shop.cantineneri.it\/en\/wp-json\/wp\/v2\/pages"}],"about":[{"href":"https:\/\/shop.cantineneri.it\/en\/wp-json\/wp\/v2\/types\/page"}],"author":[{"embeddable":true,"href":"https:\/\/shop.cantineneri.it\/en\/wp-json\/wp\/v2\/users\/2"}],"replies":[{"embeddable":true,"href":"https:\/\/shop.cantineneri.it\/en\/wp-json\/wp\/v2\/comments?post=1068"}],"version-history":[{"count":0,"href":"https:\/\/shop.cantineneri.it\/en\/wp-json\/wp\/v2\/pages\/1068\/revisions"}],"wp:featuredmedia":[{"embeddable":true,"href":"https:\/\/shop.cantineneri.it\/en\/wp-json\/wp\/v2\/media\/1290"}],"wp:attachment":[{"href":"https:\/\/shop.cantineneri.it\/en\/wp-json\/wp\/v2\/media?parent=1068"}],"curies":[{"name":"wp","href":"https:\/\/api.w.org\/{rel}","templated":true}]}}